{"id":1935,"date":"2026-03-20T19:54:48","date_gmt":"2026-03-20T18:54:48","guid":{"rendered":"https:\/\/verdomo.es\/?page_id=1935"},"modified":"2026-03-22T12:44:33","modified_gmt":"2026-03-22T11:44:33","slug":"data-protection-declaration","status":"publish","type":"page","link":"https:\/\/verdomo.es\/en\/datenschutzerklaerung\/","title":{"rendered":"Privacy policy"},"content":{"rendered":"<div data-elementor-type=\"wp-page\" data-elementor-id=\"1935\" class=\"elementor elementor-1935\" data-elementor-post-type=\"page\">\n\t\t\t\t<div class=\"elementor-element elementor-element-702fb734 e-con-full e-flex e-con e-parent\" data-id=\"702fb734\" data-element_type=\"container\" data-e-type=\"container\">\n\t\t<div class=\"elementor-element elementor-element-43dfc406 e-flex e-con-boxed e-con e-child\" data-id=\"43dfc406\" data-element_type=\"container\" data-e-type=\"container\" data-settings=\"{&quot;background_background&quot;:&quot;classic&quot;}\">\n\t\t\t\t\t<div class=\"e-con-inner\">\n\t\t<div class=\"elementor-element elementor-element-4299fad9 e-con-full e-flex e-con e-child\" data-id=\"4299fad9\" data-element_type=\"container\" data-e-type=\"container\">\n\t\t\t\t<div class=\"elementor-element elementor-element-29da0999 elementor-widget elementor-widget-spacer\" data-id=\"29da0999\" data-element_type=\"widget\" data-e-type=\"widget\" data-widget_type=\"spacer.default\">\n\t\t\t\t\t\t\t<div class=\"elementor-spacer\">\n\t\t\t<div class=\"elementor-spacer-inner\"><\/div>\n\t\t<\/div>\n\t\t\t\t\t\t<\/div>\n\t\t\t\t<\/div>\n\t\t\t\t\t<\/div>\n\t\t\t\t<\/div>\n\t\t\t\t<\/div>\n\t\t<div class=\"elementor-element elementor-element-357874ae e-con-full e-flex e-con e-parent\" data-id=\"357874ae\" data-element_type=\"container\" data-e-type=\"container\">\n\t\t<div class=\"elementor-element elementor-element-3f64a776 e-flex e-con-boxed e-con e-child\" data-id=\"3f64a776\" data-element_type=\"container\" data-e-type=\"container\" data-settings=\"{&quot;background_background&quot;:&quot;classic&quot;}\">\n\t\t\t\t\t<div class=\"e-con-inner\">\n\t\t<div class=\"elementor-element elementor-element-15b94718 e-con-full e-flex e-con e-child\" data-id=\"15b94718\" data-element_type=\"container\" data-e-type=\"container\">\n\t\t<div class=\"elementor-element elementor-element-177e4db7 e-con-full e-flex e-con e-child\" data-id=\"177e4db7\" data-element_type=\"container\" data-e-type=\"container\" data-settings=\"{&quot;animation&quot;:&quot;none&quot;}\">\n\t\t\t\t<div class=\"elementor-element elementor-element-72deb3bd elementor-widget elementor-widget-heading\" data-id=\"72deb3bd\" data-element_type=\"widget\" data-e-type=\"widget\" data-widget_type=\"heading.default\">\n\t\t\t\t\t<h1 class=\"elementor-heading-title elementor-size-default\">Privacy policy<\/h1>\t\t\t\t<\/div>\n\t\t\t\t<div class=\"elementor-element elementor-element-192665a6 elementor-widget-divider--view-line elementor-widget elementor-widget-divider\" data-id=\"192665a6\" data-element_type=\"widget\" data-e-type=\"widget\" data-widget_type=\"divider.default\">\n\t\t\t\t\t\t\t<div class=\"elementor-divider\">\n\t\t\t<span class=\"elementor-divider-separator\">\n\t\t\t\t\t\t<\/span>\n\t\t<\/div>\n\t\t\t\t\t\t<\/div>\n\t\t\t\t<div class=\"elementor-element elementor-element-7ebdd47b elementor-widget elementor-widget-text-editor\" data-id=\"7ebdd47b\" data-element_type=\"widget\" data-e-type=\"widget\" data-widget_type=\"text-editor.default\">\n\t\t\t\t\t\t\t\t\t<p>This privacy policy informs you about what personal data we collect when you use the verdomo.es website and our services, how we use it and what rights you have as a data subject.<\/p><p>We always process personal data in accordance with the General Data Protection Regulation (GDPR) and Spanish data protection legislation (LOPDGDD).<\/p>\t\t\t\t\t\t\t\t<\/div>\n\t\t\t\t<\/div>\n\t\t<div class=\"elementor-element elementor-element-7e0b15ce e-con-full e-flex e-con e-child\" data-id=\"7e0b15ce\" data-element_type=\"container\" data-e-type=\"container\" data-settings=\"{&quot;animation&quot;:&quot;none&quot;}\">\n\t\t\t\t<div class=\"elementor-element elementor-element-2b1da67b elementor-widget elementor-widget-heading\" data-id=\"2b1da67b\" data-element_type=\"widget\" data-e-type=\"widget\" data-widget_type=\"heading.default\">\n\t\t\t\t\t<h2 class=\"elementor-heading-title elementor-size-default\">1. responsible person<\/h2>\t\t\t\t<\/div>\n\t\t\t\t<div class=\"elementor-element elementor-element-cd1f4cd elementor-widget-divider--view-line elementor-widget elementor-widget-divider\" data-id=\"cd1f4cd\" data-element_type=\"widget\" data-e-type=\"widget\" data-widget_type=\"divider.default\">\n\t\t\t\t\t\t\t<div class=\"elementor-divider\">\n\t\t\t<span class=\"elementor-divider-separator\">\n\t\t\t\t\t\t<\/span>\n\t\t<\/div>\n\t\t\t\t\t\t<\/div>\n\t\t\t\t<div class=\"elementor-element elementor-element-54086602 elementor-widget elementor-widget-text-editor\" data-id=\"54086602\" data-element_type=\"widget\" data-e-type=\"widget\" data-widget_type=\"text-editor.default\">\n\t\t\t\t\t\t\t\t\t<p>We are responsible for the processing of your personal data:<\/p><p><strong>VERDOMO<\/strong><\/p><p><strong>Represented by:<br \/><\/strong>Marc Arendt<br \/><strong><br \/>Address:<\/strong><br \/>Cam\u00ed des Pujol s\/n,<br \/>07620 Llucmajor,<br \/>Balearic Islands, Spain<\/p><p><strong>E-Mail:<br \/><\/strong> info@verdomo.es<\/p><p><strong>Telephone<\/strong><br \/>+34 681 316 219<\/p><p><strong>Sales tax ID \/ tax identification number:<\/strong><br \/>Y2801761F (NIF\/CIF)<\/p>\t\t\t\t\t\t\t\t<\/div>\n\t\t\t\t<\/div>\n\t\t<div class=\"elementor-element elementor-element-611347ab e-con-full e-flex e-con e-child\" data-id=\"611347ab\" data-element_type=\"container\" data-e-type=\"container\" data-settings=\"{&quot;animation&quot;:&quot;none&quot;}\">\n\t\t\t\t<div class=\"elementor-element elementor-element-6c6d6cd5 elementor-widget elementor-widget-heading\" data-id=\"6c6d6cd5\" data-element_type=\"widget\" data-e-type=\"widget\" data-widget_type=\"heading.default\">\n\t\t\t\t\t<h3 class=\"elementor-heading-title elementor-size-default\">2. types of data processed<\/h3>\t\t\t\t<\/div>\n\t\t\t\t<div class=\"elementor-element elementor-element-65767a1a elementor-widget-divider--view-line elementor-widget elementor-widget-divider\" data-id=\"65767a1a\" data-element_type=\"widget\" data-e-type=\"widget\" data-widget_type=\"divider.default\">\n\t\t\t\t\t\t\t<div class=\"elementor-divider\">\n\t\t\t<span class=\"elementor-divider-separator\">\n\t\t\t\t\t\t<\/span>\n\t\t<\/div>\n\t\t\t\t\t\t<\/div>\n\t\t\t\t<div class=\"elementor-element elementor-element-26cf9917 elementor-widget elementor-widget-text-editor\" data-id=\"26cf9917\" data-element_type=\"widget\" data-e-type=\"widget\" data-widget_type=\"text-editor.default\">\n\t\t\t\t\t\t\t\t\t<p>We generally process the following personal data:<\/p><ul><li>Identification data: First name, surname, company if applicable, owner information.<\/li><li>Contact details: Telephone number, e-mail address, postal address if applicable and address of the property in Mallorca.<\/li><li>Economic data: IBAN or other payment data, insofar as required for the processing of services.<\/li><li>Data on the property: location, use (holiday home \/ second home), special conditions, photos to document the condition (only with express consent and for a clear purpose).<\/li><li>Website data (when visiting verdomo.es): IP address, date\/time of access, pages viewed, browser type, device information, cookies if applicable (see cookie policy).<\/li><\/ul>\t\t\t\t\t\t\t\t<\/div>\n\t\t\t\t<\/div>\n\t\t<div class=\"elementor-element elementor-element-32eddf67 e-con-full e-flex e-con e-child\" data-id=\"32eddf67\" data-element_type=\"container\" data-e-type=\"container\" data-settings=\"{&quot;animation&quot;:&quot;none&quot;}\">\n\t\t\t\t<div class=\"elementor-element elementor-element-5dadc030 elementor-widget elementor-widget-heading\" data-id=\"5dadc030\" data-element_type=\"widget\" data-e-type=\"widget\" data-widget_type=\"heading.default\">\n\t\t\t\t\t<h4 class=\"elementor-heading-title elementor-size-default\">3. purposes and legal bases of the processing<\/h4>\t\t\t\t<\/div>\n\t\t\t\t<div class=\"elementor-element elementor-element-7fbf1cfc elementor-widget-divider--view-line elementor-widget elementor-widget-divider\" data-id=\"7fbf1cfc\" data-element_type=\"widget\" data-e-type=\"widget\" data-widget_type=\"divider.default\">\n\t\t\t\t\t\t\t<div class=\"elementor-divider\">\n\t\t\t<span class=\"elementor-divider-separator\">\n\t\t\t\t\t\t<\/span>\n\t\t<\/div>\n\t\t\t\t\t\t<\/div>\n\t\t\t\t<div class=\"elementor-element elementor-element-37fc7b75 elementor-widget elementor-widget-text-editor\" data-id=\"37fc7b75\" data-element_type=\"widget\" data-e-type=\"widget\" data-widget_type=\"text-editor.default\">\n\t\t\t\t\t\t\t\t\t<p>Purposes:<\/p><ul><li>Processing of enquiries via the contact form, e-mail or telephone.<\/li><li>Preparation of offers and conclusion of contracts for house care, house sitting, house maintenance, cleaning, garden and pool maintenance.<\/li><li>Property management, inspections, documentation by report \/ photos, passing on information to owners.<\/li><li>Administration and processing of payments (invoicing, collection).<\/li><li>Fulfilment of legal obligations (e.g. accounting and taxes).<\/li><li>(optional, possibly with consent) Sending of advertising information about our services.<\/li><\/ul>\t\t\t\t\t\t\t\t<\/div>\n\t\t\t\t<div class=\"elementor-element elementor-element-c650bb0 elementor-widget elementor-widget-text-editor\" data-id=\"c650bb0\" data-element_type=\"widget\" data-e-type=\"widget\" data-widget_type=\"text-editor.default\">\n\t\t\t\t\t\t\t\t\t<p>Legal bases (GDPR Art. 6):<\/p><ul><li>Art. 6 para. 1 lit. b GDPR: Contract fulfilment and pre-contractual measures (offer, contractual relationship, processing of service visits).<\/li><li>Art. 6 para. 1 lit. c GDPR: Fulfilment of legal obligations (e.g. tax retention obligations).<\/li><li>Art. 6 para. 1 lit. f GDPR: Legitimate interest in the security and proper management of the property and the efficient processing of the contract.<\/li><li>Art. 6 para. 1 lit. a GDPR: Consent for marketing messages or when using photos of the property for advertising purposes.<\/li><\/ul>\t\t\t\t\t\t\t\t<\/div>\n\t\t\t\t<\/div>\n\t\t<div class=\"elementor-element elementor-element-1dff0801 e-con-full e-flex e-con e-child\" data-id=\"1dff0801\" data-element_type=\"container\" data-e-type=\"container\" data-settings=\"{&quot;animation&quot;:&quot;none&quot;}\">\n\t\t\t\t<div class=\"elementor-element elementor-element-276c8821 elementor-widget elementor-widget-heading\" data-id=\"276c8821\" data-element_type=\"widget\" data-e-type=\"widget\" data-widget_type=\"heading.default\">\n\t\t\t\t\t<h4 class=\"elementor-heading-title elementor-size-default\">4. storage duration<\/h4>\t\t\t\t<\/div>\n\t\t\t\t<div class=\"elementor-element elementor-element-4acde357 elementor-widget-divider--view-line elementor-widget elementor-widget-divider\" data-id=\"4acde357\" data-element_type=\"widget\" data-e-type=\"widget\" data-widget_type=\"divider.default\">\n\t\t\t\t\t\t\t<div class=\"elementor-divider\">\n\t\t\t<span class=\"elementor-divider-separator\">\n\t\t\t\t\t\t<\/span>\n\t\t<\/div>\n\t\t\t\t\t\t<\/div>\n\t\t\t\t<div class=\"elementor-element elementor-element-33fac33 elementor-widget elementor-widget-text-editor\" data-id=\"33fac33\" data-element_type=\"widget\" data-e-type=\"widget\" data-widget_type=\"text-editor.default\">\n\t\t\t\t\t\t\t\t\t<p>Personal data is only stored for as long as is necessary for the aforementioned purposes or statutory retention obligations (e.g. tax obligations).<\/p><p>After the storage period has expired, the data will be deleted or anonymised, unless there is a legal obligation to continue storing it.<\/p>\t\t\t\t\t\t\t\t<\/div>\n\t\t\t\t<\/div>\n\t\t<div class=\"elementor-element elementor-element-462f2b76 e-con-full e-flex e-con e-child\" data-id=\"462f2b76\" data-element_type=\"container\" data-e-type=\"container\" data-settings=\"{&quot;animation&quot;:&quot;none&quot;}\">\n\t\t\t\t<div class=\"elementor-element elementor-element-3defb300 elementor-widget elementor-widget-heading\" data-id=\"3defb300\" data-element_type=\"widget\" data-e-type=\"widget\" data-widget_type=\"heading.default\">\n\t\t\t\t\t<h4 class=\"elementor-heading-title elementor-size-default\">5. recipient of the data<\/h4>\t\t\t\t<\/div>\n\t\t\t\t<div class=\"elementor-element elementor-element-637b786d elementor-widget-divider--view-line elementor-widget elementor-widget-divider\" data-id=\"637b786d\" data-element_type=\"widget\" data-e-type=\"widget\" data-widget_type=\"divider.default\">\n\t\t\t\t\t\t\t<div class=\"elementor-divider\">\n\t\t\t<span class=\"elementor-divider-separator\">\n\t\t\t\t\t\t<\/span>\n\t\t<\/div>\n\t\t\t\t\t\t<\/div>\n\t\t\t\t<div class=\"elementor-element elementor-element-d9f4dc6 elementor-widget elementor-widget-text-editor\" data-id=\"d9f4dc6\" data-element_type=\"widget\" data-e-type=\"widget\" data-widget_type=\"text-editor.default\">\n\t\t\t\t\t\t\t\t\t<p>As a rule, the following recipients receive access to your data:<\/p><ul><li>Financial service providers: Banks or payment service providers for processing payments.<\/li><li>Service providers as processors: e.g. cleaning companies, garden and pool services, maintenance companies, IT service providers, hosting providers, e-mail and CRM solutions in the backend.<\/li><li>Authorities: if there is a legal obligation to transfer data (e.g. tax authorities).<\/li><\/ul><p>We conclude a contract with all processors in accordance with Art. 28 GDPR, which ensures the secure handling of data in accordance with data protection law.<\/p><p>Data is only transferred to third countries outside the EEA if this is done in accordance with the law and with suitable guarantees (e.g. standard contractual clauses).<\/p>\t\t\t\t\t\t\t\t<\/div>\n\t\t\t\t<\/div>\n\t\t<div class=\"elementor-element elementor-element-2d37c4bb e-con-full e-flex e-con e-child\" data-id=\"2d37c4bb\" data-element_type=\"container\" data-e-type=\"container\" data-settings=\"{&quot;animation&quot;:&quot;none&quot;}\">\n\t\t\t\t<div class=\"elementor-element elementor-element-6f45d8fc elementor-widget elementor-widget-heading\" data-id=\"6f45d8fc\" data-element_type=\"widget\" data-e-type=\"widget\" data-widget_type=\"heading.default\">\n\t\t\t\t\t<h4 class=\"elementor-heading-title elementor-size-default\">6. automated individual decisions \/ profiling<\/h4>\t\t\t\t<\/div>\n\t\t\t\t<div class=\"elementor-element elementor-element-33569dba elementor-widget-divider--view-line elementor-widget elementor-widget-divider\" data-id=\"33569dba\" data-element_type=\"widget\" data-e-type=\"widget\" data-widget_type=\"divider.default\">\n\t\t\t\t\t\t\t<div class=\"elementor-divider\">\n\t\t\t<span class=\"elementor-divider-separator\">\n\t\t\t\t\t\t<\/span>\n\t\t<\/div>\n\t\t\t\t\t\t<\/div>\n\t\t\t\t<div class=\"elementor-element elementor-element-41125509 elementor-widget elementor-widget-text-editor\" data-id=\"41125509\" data-element_type=\"widget\" data-e-type=\"widget\" data-widget_type=\"text-editor.default\">\n\t\t\t\t\t\t\t\t\t<p>Automated decision-making or profiling within the meaning of Art. 22 GDPR does not take place in our context.<\/p>\t\t\t\t\t\t\t\t<\/div>\n\t\t\t\t<\/div>\n\t\t<div class=\"elementor-element elementor-element-255d7009 e-con-full e-flex e-con e-child\" data-id=\"255d7009\" data-element_type=\"container\" data-e-type=\"container\" data-settings=\"{&quot;animation&quot;:&quot;none&quot;}\">\n\t\t\t\t<div class=\"elementor-element elementor-element-282b1d02 elementor-widget elementor-widget-heading\" data-id=\"282b1d02\" data-element_type=\"widget\" data-e-type=\"widget\" data-widget_type=\"heading.default\">\n\t\t\t\t\t<h4 class=\"elementor-heading-title elementor-size-default\">7 Your rights as a data subject<\/h4>\t\t\t\t<\/div>\n\t\t\t\t<div class=\"elementor-element elementor-element-48ed303d elementor-widget-divider--view-line elementor-widget elementor-widget-divider\" data-id=\"48ed303d\" data-element_type=\"widget\" data-e-type=\"widget\" data-widget_type=\"divider.default\">\n\t\t\t\t\t\t\t<div class=\"elementor-divider\">\n\t\t\t<span class=\"elementor-divider-separator\">\n\t\t\t\t\t\t<\/span>\n\t\t<\/div>\n\t\t\t\t\t\t<\/div>\n\t\t\t\t<div class=\"elementor-element elementor-element-4348a3a8 elementor-widget elementor-widget-text-editor\" data-id=\"4348a3a8\" data-element_type=\"widget\" data-e-type=\"widget\" data-widget_type=\"text-editor.default\">\n\t\t\t\t\t\t\t\t\t<ul><li>As a data subject, you have the following rights, among others (in each case in accordance with GDPR requirements):<br \/><br \/>Information (Art. 15 GDPR): You can request information about which data we process about you.<\/li><li>Rectification (Art. 16 GDPR): You can have incorrect or incomplete data corrected.<\/li><li>Erasure (Art. 17 GDPR): You can request the erasure of your data if the processing is unlawful or no longer necessary.<\/li><li>Restriction of processing (Art. 18 GDPR): In certain cases, you can request a restriction of processing.<\/li><li>Objection (Art. 21 GDPR): You can object to processing for legitimate interest (e.g. for advertising purposes).<\/li><li>Data portability (Art. 20 GDPR): You can have your data handed over to you in a commonly used, machine-readable format.<\/li><\/ul><p>To assert your rights, please send us a message to:<\/p><p>E-mail: info@verdomo.es<\/p><p>You also have the right to lodge a complaint with the Spanish Data Protection Agency (Agencia Espa\u00f1ola de Protecci\u00f3n de Datos - AEPD) if you believe that your rights have been violated:<br \/>www.aepd.es<\/p>\t\t\t\t\t\t\t\t<\/div>\n\t\t\t\t<\/div>\n\t\t<div class=\"elementor-element elementor-element-7abef4a e-con-full e-flex e-con e-child\" data-id=\"7abef4a\" data-element_type=\"container\" data-e-type=\"container\" data-settings=\"{&quot;animation&quot;:&quot;none&quot;}\">\n\t\t\t\t<div class=\"elementor-element elementor-element-2d51778 elementor-widget elementor-widget-heading\" data-id=\"2d51778\" data-element_type=\"widget\" data-e-type=\"widget\" data-widget_type=\"heading.default\">\n\t\t\t\t\t<h4 class=\"elementor-heading-title elementor-size-default\">8. data security<\/h4>\t\t\t\t<\/div>\n\t\t\t\t<div class=\"elementor-element elementor-element-32e8890 elementor-widget-divider--view-line elementor-widget elementor-widget-divider\" data-id=\"32e8890\" data-element_type=\"widget\" data-e-type=\"widget\" data-widget_type=\"divider.default\">\n\t\t\t\t\t\t\t<div class=\"elementor-divider\">\n\t\t\t<span class=\"elementor-divider-separator\">\n\t\t\t\t\t\t<\/span>\n\t\t<\/div>\n\t\t\t\t\t\t<\/div>\n\t\t\t\t<div class=\"elementor-element elementor-element-b3ddc4b elementor-widget elementor-widget-text-editor\" data-id=\"b3ddc4b\" data-element_type=\"widget\" data-e-type=\"widget\" data-widget_type=\"text-editor.default\">\n\t\t\t\t\t\t\t\t\t<p>We take appropriate technical and organisational measures to protect your personal data from loss, misuse, unauthorised access, disclosure, alteration or unfair processing.<\/p><p>This includes, for example, encryption, appropriate access controls, regular security checks and employee training.<\/p>\t\t\t\t\t\t\t\t<\/div>\n\t\t\t\t<\/div>\n\t\t<div class=\"elementor-element elementor-element-6d9f7da e-con-full e-flex e-con e-child\" data-id=\"6d9f7da\" data-element_type=\"container\" data-e-type=\"container\" data-settings=\"{&quot;animation&quot;:&quot;none&quot;}\">\n\t\t\t\t<div class=\"elementor-element elementor-element-4913ffa elementor-widget elementor-widget-heading\" data-id=\"4913ffa\" data-element_type=\"widget\" data-e-type=\"widget\" data-widget_type=\"heading.default\">\n\t\t\t\t\t<h4 class=\"elementor-heading-title elementor-size-default\">9. amendment of this privacy policy<\/h4>\t\t\t\t<\/div>\n\t\t\t\t<div class=\"elementor-element elementor-element-13ab506 elementor-widget-divider--view-line elementor-widget elementor-widget-divider\" data-id=\"13ab506\" data-element_type=\"widget\" data-e-type=\"widget\" data-widget_type=\"divider.default\">\n\t\t\t\t\t\t\t<div class=\"elementor-divider\">\n\t\t\t<span class=\"elementor-divider-separator\">\n\t\t\t\t\t\t<\/span>\n\t\t<\/div>\n\t\t\t\t\t\t<\/div>\n\t\t\t\t<div class=\"elementor-element elementor-element-840d404 elementor-widget elementor-widget-text-editor\" data-id=\"840d404\" data-element_type=\"widget\" data-e-type=\"widget\" data-widget_type=\"text-editor.default\">\n\t\t\t\t\t\t\t\t\t<p>We may amend this privacy policy, e.g. if our services, our technology or the legal requirements change. We publish the current version in each case <a title=\"Data protection\" href=\"https:\/\/verdomo.es\/en\/data-protection-declaration\/\">HERE<\/a> .<\/p>\t\t\t\t\t\t\t\t<\/div>\n\t\t\t\t<\/div>\n\t\t<div class=\"elementor-element elementor-element-b0302af e-con-full e-flex e-con e-child\" data-id=\"b0302af\" data-element_type=\"container\" data-e-type=\"container\" data-settings=\"{&quot;animation&quot;:&quot;none&quot;}\">\n\t\t\t\t<div class=\"elementor-element elementor-element-1740f1a elementor-widget elementor-widget-heading\" data-id=\"1740f1a\" data-element_type=\"widget\" data-e-type=\"widget\" data-widget_type=\"heading.default\">\n\t\t\t\t\t<h4 class=\"elementor-heading-title elementor-size-default\">10. contact<\/h4>\t\t\t\t<\/div>\n\t\t\t\t<div class=\"elementor-element elementor-element-f691812 elementor-widget-divider--view-line elementor-widget elementor-widget-divider\" data-id=\"f691812\" data-element_type=\"widget\" data-e-type=\"widget\" data-widget_type=\"divider.default\">\n\t\t\t\t\t\t\t<div class=\"elementor-divider\">\n\t\t\t<span class=\"elementor-divider-separator\">\n\t\t\t\t\t\t<\/span>\n\t\t<\/div>\n\t\t\t\t\t\t<\/div>\n\t\t\t\t<div class=\"elementor-element elementor-element-fa804da elementor-widget elementor-widget-text-editor\" data-id=\"fa804da\" data-element_type=\"widget\" data-e-type=\"widget\" data-widget_type=\"text-editor.default\">\n\t\t\t\t\t\t\t\t\t<p>If you have any questions regarding the processing of your personal data or the exercise of your rights, you can contact us at any time:<\/p><ul><li>info@verdomo.es<\/li><\/ul>\t\t\t\t\t\t\t\t<\/div>\n\t\t\t\t<\/div>\n\t\t\t\t<\/div>\n\t\t\t\t\t<\/div>\n\t\t\t\t<\/div>\n\t\t\t\t<\/div>\n\t\t\t\t<\/div>","protected":false},"excerpt":{"rendered":"<p>Datenschutzerkl\u00e4rung Diese Datenschutzerkl\u00e4rung informiert Sie dar\u00fcber, welche personenbezogenen Daten wir bei der Nutzung der Website verdomo.es sowie bei der Nutzung unserer Dienstleistungen erfassen, wie wir sie verwenden und welche Rechte Ihnen als betroffene Person zustehen. Wir verarbeiten personenbezogene Daten stets im Einklang mit der Datenschutz\u2011Grundverordnung (DSGVO) und der spanischen Datenschutzgesetzgebung (LOPDGDD). 1. Verantwortlicher Verantwortlich f\u00fcr [&hellip;]<\/p>\n","protected":false},"author":1,"featured_media":0,"parent":0,"menu_order":0,"comment_status":"closed","ping_status":"closed","template":"","meta":{"site-sidebar-layout":"no-sidebar","site-content-layout":"page-builder","ast-site-content-layout":"full-width-container","site-content-style":"default","site-sidebar-style":"default","ast-global-header-display":"","ast-banner-title-visibility":"","ast-main-header-display":"","ast-hfb-above-header-display":"","ast-hfb-below-header-display":"","ast-hfb-mobile-header-display":"","site-post-title":"disabled","ast-breadcrumbs-content":"","ast-featured-img":"disabled","footer-sml-layout":"","ast-disable-related-posts":"","theme-transparent-header-meta":"enabled","adv-header-id-meta":"","stick-header-meta":"","header-above-stick-meta":"","header-main-stick-meta":"","header-below-stick-meta":"","astra-migrate-meta-layouts":"set","ast-page-background-enabled":"default","ast-page-background-meta":{"desktop":{"background-color":"var(--ast-global-color-4)","background-image":"","background-repeat":"repeat","background-position":"center center","background-size":"auto","background-attachment":"scroll","background-type":"","background-media":"","overlay-type":"","overlay-color":"","overlay-opacity":"","overlay-gradient":""},"tablet":{"background-color":"","background-image":"","background-repeat":"repeat","background-position":"center center","background-size":"auto","background-attachment":"scroll","background-type":"","background-media":"","overlay-type":"","overlay-color":"","overlay-opacity":"","overlay-gradient":""},"mobile":{"background-color":"","background-image":"","background-repeat":"repeat","background-position":"center center","background-size":"auto","background-attachment":"scroll","background-type":"","background-media":"","overlay-type":"","overlay-color":"","overlay-opacity":"","overlay-gradient":""}},"ast-content-background-meta":{"desktop":{"background-color":"var(--ast-global-color-5)","background-image":"","background-repeat":"repeat","background-position":"center center","background-size":"auto","background-attachment":"scroll","background-type":"","background-media":"","overlay-type":"","overlay-color":"","overlay-opacity":"","overlay-gradient":""},"tablet":{"background-color":"var(--ast-global-color-5)","background-image":"","background-repeat":"repeat","background-position":"center center","background-size":"auto","background-attachment":"scroll","background-type":"","background-media":"","overlay-type":"","overlay-color":"","overlay-opacity":"","overlay-gradient":""},"mobile":{"background-color":"var(--ast-global-color-5)","background-image":"","background-repeat":"repeat","background-position":"center center","background-size":"auto","background-attachment":"scroll","background-type":"","background-media":"","overlay-type":"","overlay-color":"","overlay-opacity":"","overlay-gradient":""}},"footnotes":""},"class_list":["post-1935","page","type-page","status-publish","hentry"],"_links":{"self":[{"href":"https:\/\/verdomo.es\/en\/wp-json\/wp\/v2\/pages\/1935","targetHints":{"allow":["GET"]}}],"collection":[{"href":"https:\/\/verdomo.es\/en\/wp-json\/wp\/v2\/pages"}],"about":[{"href":"https:\/\/verdomo.es\/en\/wp-json\/wp\/v2\/types\/page"}],"author":[{"embeddable":true,"href":"https:\/\/verdomo.es\/en\/wp-json\/wp\/v2\/users\/1"}],"replies":[{"embeddable":true,"href":"https:\/\/verdomo.es\/en\/wp-json\/wp\/v2\/comments?post=1935"}],"version-history":[{"count":10,"href":"https:\/\/verdomo.es\/en\/wp-json\/wp\/v2\/pages\/1935\/revisions"}],"predecessor-version":[{"id":1951,"href":"https:\/\/verdomo.es\/en\/wp-json\/wp\/v2\/pages\/1935\/revisions\/1951"}],"wp:attachment":[{"href":"https:\/\/verdomo.es\/en\/wp-json\/wp\/v2\/media?parent=1935"}],"curies":[{"name":"wp","href":"https:\/\/api.w.org\/{rel}","templated":true}]}}