{"id":1903,"date":"2026-03-20T19:04:13","date_gmt":"2026-03-20T18:04:13","guid":{"rendered":"https:\/\/verdomo.es\/?page_id=1903"},"modified":"2026-03-22T12:45:24","modified_gmt":"2026-03-22T11:45:24","slug":"imprimir","status":"publish","type":"page","link":"https:\/\/verdomo.es\/es\/impressum\/","title":{"rendered":"Pie de imprenta"},"content":{"rendered":"<div data-elementor-type=\"wp-page\" data-elementor-id=\"1903\" class=\"elementor elementor-1903\" data-elementor-post-type=\"page\">\n\t\t\t\t<div class=\"elementor-element elementor-element-23504a6c e-con-full e-flex e-con e-parent\" data-id=\"23504a6c\" data-element_type=\"container\" data-e-type=\"container\">\n\t\t<div class=\"elementor-element elementor-element-2736ff2c e-flex e-con-boxed e-con e-child\" data-id=\"2736ff2c\" data-element_type=\"container\" data-e-type=\"container\" data-settings=\"{&quot;background_background&quot;:&quot;classic&quot;}\">\n\t\t\t\t\t<div class=\"e-con-inner\">\n\t\t<div class=\"elementor-element elementor-element-71c2cda3 e-con-full e-flex e-con e-child\" data-id=\"71c2cda3\" data-element_type=\"container\" data-e-type=\"container\">\n\t\t\t\t<div class=\"elementor-element elementor-element-5474529 elementor-widget elementor-widget-spacer\" data-id=\"5474529\" data-element_type=\"widget\" data-e-type=\"widget\" data-widget_type=\"spacer.default\">\n\t\t\t\t\t\t\t<div class=\"elementor-spacer\">\n\t\t\t<div class=\"elementor-spacer-inner\"><\/div>\n\t\t<\/div>\n\t\t\t\t\t\t<\/div>\n\t\t\t\t<\/div>\n\t\t\t\t\t<\/div>\n\t\t\t\t<\/div>\n\t\t\t\t<\/div>\n\t\t<div class=\"elementor-element elementor-element-2b4fa15a e-con-full e-flex e-con e-parent\" data-id=\"2b4fa15a\" data-element_type=\"container\" data-e-type=\"container\">\n\t\t<div class=\"elementor-element elementor-element-17a44b5c e-flex e-con-boxed e-con e-child\" data-id=\"17a44b5c\" data-element_type=\"container\" data-e-type=\"container\" data-settings=\"{&quot;background_background&quot;:&quot;classic&quot;}\">\n\t\t\t\t\t<div class=\"e-con-inner\">\n\t\t<div class=\"elementor-element elementor-element-58ef0a99 e-con-full e-flex e-con e-child\" data-id=\"58ef0a99\" data-element_type=\"container\" data-e-type=\"container\">\n\t\t<div class=\"elementor-element elementor-element-7e1137b8 e-con-full e-flex e-con e-child\" data-id=\"7e1137b8\" data-element_type=\"container\" data-e-type=\"container\" data-settings=\"{&quot;animation&quot;:&quot;none&quot;}\">\n\t\t\t\t<div class=\"elementor-element elementor-element-674aadc elementor-widget elementor-widget-heading\" data-id=\"674aadc\" data-element_type=\"widget\" data-e-type=\"widget\" data-widget_type=\"heading.default\">\n\t\t\t\t\t<h1 class=\"elementor-heading-title elementor-size-default\">Pie de imprenta<\/h1>\t\t\t\t<\/div>\n\t\t\t\t<div class=\"elementor-element elementor-element-69be2012 elementor-widget-divider--view-line elementor-widget elementor-widget-divider\" data-id=\"69be2012\" data-element_type=\"widget\" data-e-type=\"widget\" data-widget_type=\"divider.default\">\n\t\t\t\t\t\t\t<div class=\"elementor-divider\">\n\t\t\t<span class=\"elementor-divider-separator\">\n\t\t\t\t\t\t<\/span>\n\t\t<\/div>\n\t\t\t\t\t\t<\/div>\n\t\t\t\t<div class=\"elementor-element elementor-element-508f2b2 elementor-widget elementor-widget-text-editor\" data-id=\"508f2b2\" data-element_type=\"widget\" data-e-type=\"widget\" data-widget_type=\"text-editor.default\">\n\t\t\t\t\t\t\t\t\tDe conformidad con el art\u00edculo 5 de la Ley de Telemedios (TMG) y la Ley 34\/2002, de 11 de julio, de Servicios de la Sociedad de la Informaci\u00f3n y del Comercio Electr\u00f3nico (LSSI-CE), le informamos de la identidad del operador de este sitio web.\t\t\t\t\t\t\t\t<\/div>\n\t\t\t\t<\/div>\n\t\t<div class=\"elementor-element elementor-element-34ddb1a e-con-full e-flex e-con e-child\" data-id=\"34ddb1a\" data-element_type=\"container\" data-e-type=\"container\" data-settings=\"{&quot;animation&quot;:&quot;none&quot;}\">\n\t\t\t\t<div class=\"elementor-element elementor-element-85e4257 elementor-widget elementor-widget-heading\" data-id=\"85e4257\" data-element_type=\"widget\" data-e-type=\"widget\" data-widget_type=\"heading.default\">\n\t\t\t\t\t<h2 class=\"elementor-heading-title elementor-size-default\">Identidad del proveedor<\/h2>\t\t\t\t<\/div>\n\t\t\t\t<div class=\"elementor-element elementor-element-7d6022d elementor-widget-divider--view-line elementor-widget elementor-widget-divider\" data-id=\"7d6022d\" data-element_type=\"widget\" data-e-type=\"widget\" data-widget_type=\"divider.default\">\n\t\t\t\t\t\t\t<div class=\"elementor-divider\">\n\t\t\t<span class=\"elementor-divider-separator\">\n\t\t\t\t\t\t<\/span>\n\t\t<\/div>\n\t\t\t\t\t\t<\/div>\n\t\t\t\t<div class=\"elementor-element elementor-element-a8ed24a elementor-widget elementor-widget-text-editor\" data-id=\"a8ed24a\" data-element_type=\"widget\" data-e-type=\"widget\" data-widget_type=\"text-editor.default\">\n\t\t\t\t\t\t\t\t\t<p>El responsable del sitio web es:<\/p><p><strong>VERDOMO<\/strong><\/p><p><strong>Representado por:<br \/><\/strong>Marc Arendt<br \/><strong><br \/>Direcci\u00f3n:<\/strong><br \/>Cam\u00ed des Pujol s\/n,<br \/>07620 Llucmajor,<br \/>Islas Baleares, Espa\u00f1a<\/p><p><strong>correo electr\u00f3nico:<br \/><\/strong> info@verdomo.es<\/p><p><strong>Tel\u00e9fono<\/strong><br \/>+34 681 316 219<\/p><p><strong>N\u00famero de identificaci\u00f3n fiscal:<\/strong><br \/>Y2801761F (NIF\/CIF)<\/p>\t\t\t\t\t\t\t\t<\/div>\n\t\t\t\t<\/div>\n\t\t<div class=\"elementor-element elementor-element-bd9ee48 e-con-full e-flex e-con e-child\" data-id=\"bd9ee48\" data-element_type=\"container\" data-e-type=\"container\" data-settings=\"{&quot;animation&quot;:&quot;none&quot;}\">\n\t\t\t\t<div class=\"elementor-element elementor-element-fb77b00 elementor-widget elementor-widget-heading\" data-id=\"fb77b00\" data-element_type=\"widget\" data-e-type=\"widget\" data-widget_type=\"heading.default\">\n\t\t\t\t\t<h3 class=\"elementor-heading-title elementor-size-default\">Finalidad del sitio web<\/h3>\t\t\t\t<\/div>\n\t\t\t\t<div class=\"elementor-element elementor-element-993320a elementor-widget-divider--view-line elementor-widget elementor-widget-divider\" data-id=\"993320a\" data-element_type=\"widget\" data-e-type=\"widget\" data-widget_type=\"divider.default\">\n\t\t\t\t\t\t\t<div class=\"elementor-divider\">\n\t\t\t<span class=\"elementor-divider-separator\">\n\t\t\t\t\t\t<\/span>\n\t\t<\/div>\n\t\t\t\t\t\t<\/div>\n\t\t\t\t<div class=\"elementor-element elementor-element-1973f70 elementor-widget elementor-widget-text-editor\" data-id=\"1973f70\" data-element_type=\"widget\" data-e-type=\"widget\" data-widget_type=\"text-editor.default\">\n\t\t\t\t\t\t\t\t\t<p>Este sitio web sirve para presentar servicios relacionados con el cuidado y la gesti\u00f3n exclusivos de viviendas vacacionales y segundas residencias en Mallorca, incluyendo el servicio de canguro, la coordinaci\u00f3n de la limpieza, el mantenimiento de jardines, el cuidado de piscinas, as\u00ed como la contrataci\u00f3n y gesti\u00f3n de artesanos y servicios de emergencia.<\/p>\t\t\t\t\t\t\t\t<\/div>\n\t\t\t\t<\/div>\n\t\t<div class=\"elementor-element elementor-element-1d1a13e e-con-full e-flex e-con e-child\" data-id=\"1d1a13e\" data-element_type=\"container\" data-e-type=\"container\" data-settings=\"{&quot;animation&quot;:&quot;none&quot;}\">\n\t\t\t\t<div class=\"elementor-element elementor-element-9f6373c elementor-widget elementor-widget-heading\" data-id=\"9f6373c\" data-element_type=\"widget\" data-e-type=\"widget\" data-widget_type=\"heading.default\">\n\t\t\t\t\t<h4 class=\"elementor-heading-title elementor-size-default\">Condiciones de uso<\/h4>\t\t\t\t<\/div>\n\t\t\t\t<div class=\"elementor-element elementor-element-bba5708 elementor-widget-divider--view-line elementor-widget elementor-widget-divider\" data-id=\"bba5708\" data-element_type=\"widget\" data-e-type=\"widget\" data-widget_type=\"divider.default\">\n\t\t\t\t\t\t\t<div class=\"elementor-divider\">\n\t\t\t<span class=\"elementor-divider-separator\">\n\t\t\t\t\t\t<\/span>\n\t\t<\/div>\n\t\t\t\t\t\t<\/div>\n\t\t\t\t<div class=\"elementor-element elementor-element-cd28879 elementor-widget elementor-widget-text-editor\" data-id=\"cd28879\" data-element_type=\"widget\" data-e-type=\"widget\" data-widget_type=\"text-editor.default\">\n\t\t\t\t\t\t\t\t\t<ul><li>El uso del sitio web requiere la aceptaci\u00f3n de estas condiciones de uso.<\/li><li>El usuario se compromete a utilizar el sitio web \u00fanicamente de manera l\u00edcita y conforme a la moral, el orden p\u00fablico y las leyes aplicables.<\/li><li>Queda expresamente prohibido el uso indebido o perjudicial del sitio web.<\/li><\/ul>\t\t\t\t\t\t\t\t<\/div>\n\t\t\t\t<\/div>\n\t\t<div class=\"elementor-element elementor-element-dbd99f7 e-con-full e-flex e-con e-child\" data-id=\"dbd99f7\" data-element_type=\"container\" data-e-type=\"container\" data-settings=\"{&quot;animation&quot;:&quot;none&quot;}\">\n\t\t\t\t<div class=\"elementor-element elementor-element-ebab54b elementor-widget elementor-widget-heading\" data-id=\"ebab54b\" data-element_type=\"widget\" data-e-type=\"widget\" data-widget_type=\"heading.default\">\n\t\t\t\t\t<h4 class=\"elementor-heading-title elementor-size-default\">Propiedad intelectual<\/h4>\t\t\t\t<\/div>\n\t\t\t\t<div class=\"elementor-element elementor-element-22a93c2 elementor-widget-divider--view-line elementor-widget elementor-widget-divider\" data-id=\"22a93c2\" data-element_type=\"widget\" data-e-type=\"widget\" data-widget_type=\"divider.default\">\n\t\t\t\t\t\t\t<div class=\"elementor-divider\">\n\t\t\t<span class=\"elementor-divider-separator\">\n\t\t\t\t\t\t<\/span>\n\t\t<\/div>\n\t\t\t\t\t\t<\/div>\n\t\t\t\t<div class=\"elementor-element elementor-element-5747af3 elementor-widget elementor-widget-text-editor\" data-id=\"5747af3\" data-element_type=\"widget\" data-e-type=\"widget\" data-widget_type=\"text-editor.default\">\n\t\t\t\t\t\t\t\t\t<ul><li>Todos los contenidos de este sitio web (textos, im\u00e1genes, v\u00eddeos, logotipos, dise\u00f1os) son propiedad del proveedor o de terceros con licencia y est\u00e1n protegidos por la legislaci\u00f3n sobre derechos de autor y marcas registradas.<\/li><li>Queda prohibida la duplicaci\u00f3n, distribuci\u00f3n, reproducci\u00f3n p\u00fablica o modificaci\u00f3n de este contenido sin el consentimiento expreso por escrito.<\/li><\/ul>\t\t\t\t\t\t\t\t<\/div>\n\t\t\t\t<\/div>\n\t\t<div class=\"elementor-element elementor-element-1897a27 e-con-full e-flex e-con e-child\" data-id=\"1897a27\" data-element_type=\"container\" data-e-type=\"container\" data-settings=\"{&quot;animation&quot;:&quot;none&quot;}\">\n\t\t\t\t<div class=\"elementor-element elementor-element-1d29aa6 elementor-widget elementor-widget-heading\" data-id=\"1d29aa6\" data-element_type=\"widget\" data-e-type=\"widget\" data-widget_type=\"heading.default\">\n\t\t\t\t\t<h4 class=\"elementor-heading-title elementor-size-default\">Descargo de responsabilidad<\/h4>\t\t\t\t<\/div>\n\t\t\t\t<div class=\"elementor-element elementor-element-398f811 elementor-widget-divider--view-line elementor-widget elementor-widget-divider\" data-id=\"398f811\" data-element_type=\"widget\" data-e-type=\"widget\" data-widget_type=\"divider.default\">\n\t\t\t\t\t\t\t<div class=\"elementor-divider\">\n\t\t\t<span class=\"elementor-divider-separator\">\n\t\t\t\t\t\t<\/span>\n\t\t<\/div>\n\t\t\t\t\t\t<\/div>\n\t\t\t\t<div class=\"elementor-element elementor-element-9018c22 elementor-widget elementor-widget-text-editor\" data-id=\"9018c22\" data-element_type=\"widget\" data-e-type=\"widget\" data-widget_type=\"text-editor.default\">\n\t\t\t\t\t\t\t\t\t<ul><li>El proveedor no asume ninguna responsabilidad por la constante disponibilidad y exactitud del sitio web.<\/li><li>El proveedor no se hace responsable de los da\u00f1os derivados de fallos del sistema, fallos de conexi\u00f3n o causas t\u00e9cnicas comparables, a menos que se deban a negligencia grave o dolo.<\/li><li>Los enlaces a sitios externos s\u00f3lo tienen fines informativos; el proveedor no se hace responsable de su contenido.<\/li><\/ul>\t\t\t\t\t\t\t\t<\/div>\n\t\t\t\t<\/div>\n\t\t<div class=\"elementor-element elementor-element-22612ed e-con-full e-flex e-con e-child\" data-id=\"22612ed\" data-element_type=\"container\" data-e-type=\"container\" data-settings=\"{&quot;animation&quot;:&quot;none&quot;}\">\n\t\t\t\t<div class=\"elementor-element elementor-element-cfcda38 elementor-widget elementor-widget-heading\" data-id=\"cfcda38\" data-element_type=\"widget\" data-e-type=\"widget\" data-widget_type=\"heading.default\">\n\t\t\t\t\t<h4 class=\"elementor-heading-title elementor-size-default\">Legislaci\u00f3n aplicable y fuero competente<\/h4>\t\t\t\t<\/div>\n\t\t\t\t<div class=\"elementor-element elementor-element-548fa8b elementor-widget-divider--view-line elementor-widget elementor-widget-divider\" data-id=\"548fa8b\" data-element_type=\"widget\" data-e-type=\"widget\" data-widget_type=\"divider.default\">\n\t\t\t\t\t\t\t<div class=\"elementor-divider\">\n\t\t\t<span class=\"elementor-divider-separator\">\n\t\t\t\t\t\t<\/span>\n\t\t<\/div>\n\t\t\t\t\t\t<\/div>\n\t\t\t\t<div class=\"elementor-element elementor-element-c067de7 elementor-widget elementor-widget-text-editor\" data-id=\"c067de7\" data-element_type=\"widget\" data-e-type=\"widget\" data-widget_type=\"text-editor.default\">\n\t\t\t\t\t\t\t\t\t<p>La Comisi\u00f3n Europea ofrece una plataforma para la resoluci\u00f3n de litigios en l\u00ednea (OS): https:\/\/ec.europa.eu\/consumers\/odr\/. No estamos dispuestos ni obligados a participar en procedimientos de resoluci\u00f3n de litigios ante una junta arbitral de consumo, ya que nuestra oferta est\u00e1 dirigida exclusivamente a empresarios (B2B). Lugar de jurisdicci\u00f3n: En la medida en que lo permita la ley, el lugar exclusivo de jurisdicci\u00f3n para todos los litigios derivados de la visita a este sitio web es Palma de Mallorca, Espa\u00f1a. Se aplica la legislaci\u00f3n espa\u00f1ola.<\/p>\t\t\t\t\t\t\t\t<\/div>\n\t\t\t\t<\/div>\n\t\t<div class=\"elementor-element elementor-element-924be29 e-con-full e-flex e-con e-child\" data-id=\"924be29\" data-element_type=\"container\" data-e-type=\"container\" data-settings=\"{&quot;animation&quot;:&quot;none&quot;}\">\n\t\t\t\t<div class=\"elementor-element elementor-element-25bd8a6 elementor-widget elementor-widget-heading\" data-id=\"25bd8a6\" data-element_type=\"widget\" data-e-type=\"widget\" data-widget_type=\"heading.default\">\n\t\t\t\t\t<h4 class=\"elementor-heading-title elementor-size-default\">Objeci\u00f3n a la publicidad no solicitada (spam)<\/h4>\t\t\t\t<\/div>\n\t\t\t\t<div class=\"elementor-element elementor-element-f2bd04b elementor-widget-divider--view-line elementor-widget elementor-widget-divider\" data-id=\"f2bd04b\" data-element_type=\"widget\" data-e-type=\"widget\" data-widget_type=\"divider.default\">\n\t\t\t\t\t\t\t<div class=\"elementor-divider\">\n\t\t\t<span class=\"elementor-divider-separator\">\n\t\t\t\t\t\t<\/span>\n\t\t<\/div>\n\t\t\t\t\t\t<\/div>\n\t\t\t\t<div class=\"elementor-element elementor-element-de9103e elementor-widget elementor-widget-text-editor\" data-id=\"de9103e\" data-element_type=\"widget\" data-e-type=\"widget\" data-widget_type=\"text-editor.default\">\n\t\t\t\t\t\t\t\t\t<p>Por la presente se proh\u00edbe expresamente el uso de los datos de contacto publicados en el marco de la obligaci\u00f3n de pie de imprenta por parte de terceros para el env\u00edo de material publicitario e informativo no solicitado. Los operadores de este sitio web se reservan expresamente el derecho a emprender acciones legales en caso de env\u00edo no solicitado de informaci\u00f3n publicitaria, como correos electr\u00f3nicos basura.<\/p>\t\t\t\t\t\t\t\t<\/div>\n\t\t\t\t<\/div>\n\t\t\t\t<\/div>\n\t\t\t\t\t<\/div>\n\t\t\t\t<\/div>\n\t\t\t\t<\/div>\n\t\t\t\t<\/div>","protected":false},"excerpt":{"rendered":"<p>Impressum Gem\u00e4\u00df \u00a7 5 Telemediengesetz (TMG) und der spanischen Ley 34\/2002, de 11 de julio, de Servicios de la Sociedad de la Informaci\u00f3n y del Comercio Electr\u00f3nico (LSSI\u2011CE) informieren wir Sie \u00fcber die Identit\u00e4t des Betreibers dieser Website. Anbieteridentit\u00e4t Verantwortlich f\u00fcr die Website ist: VERDOMO Vertreten durch:Marc ArendtAnschrift:Cam\u00ed des Pujol s\/n,07620 Llucmajor,Balearische Inseln, Spanien E\u2011Mail: [&hellip;]<\/p>\n","protected":false},"author":1,"featured_media":0,"parent":0,"menu_order":0,"comment_status":"closed","ping_status":"closed","template":"","meta":{"site-sidebar-layout":"no-sidebar","site-content-layout":"page-builder","ast-site-content-layout":"full-width-container","site-content-style":"default","site-sidebar-style":"default","ast-global-header-display":"","ast-banner-title-visibility":"","ast-main-header-display":"","ast-hfb-above-header-display":"","ast-hfb-below-header-display":"","ast-hfb-mobile-header-display":"","site-post-title":"disabled","ast-breadcrumbs-content":"","ast-featured-img":"disabled","footer-sml-layout":"","ast-disable-related-posts":"","theme-transparent-header-meta":"enabled","adv-header-id-meta":"","stick-header-meta":"","header-above-stick-meta":"","header-main-stick-meta":"","header-below-stick-meta":"","astra-migrate-meta-layouts":"set","ast-page-background-enabled":"default","ast-page-background-meta":{"desktop":{"background-color":"var(--ast-global-color-4)","background-image":"","background-repeat":"repeat","background-position":"center center","background-size":"auto","background-attachment":"scroll","background-type":"","background-media":"","overlay-type":"","overlay-color":"","overlay-opacity":"","overlay-gradient":""},"tablet":{"background-color":"","background-image":"","background-repeat":"repeat","background-position":"center center","background-size":"auto","background-attachment":"scroll","background-type":"","background-media":"","overlay-type":"","overlay-color":"","overlay-opacity":"","overlay-gradient":""},"mobile":{"background-color":"","background-image":"","background-repeat":"repeat","background-position":"center center","background-size":"auto","background-attachment":"scroll","background-type":"","background-media":"","overlay-type":"","overlay-color":"","overlay-opacity":"","overlay-gradient":""}},"ast-content-background-meta":{"desktop":{"background-color":"var(--ast-global-color-5)","background-image":"","background-repeat":"repeat","background-position":"center center","background-size":"auto","background-attachment":"scroll","background-type":"","background-media":"","overlay-type":"","overlay-color":"","overlay-opacity":"","overlay-gradient":""},"tablet":{"background-color":"var(--ast-global-color-5)","background-image":"","background-repeat":"repeat","background-position":"center center","background-size":"auto","background-attachment":"scroll","background-type":"","background-media":"","overlay-type":"","overlay-color":"","overlay-opacity":"","overlay-gradient":""},"mobile":{"background-color":"var(--ast-global-color-5)","background-image":"","background-repeat":"repeat","background-position":"center center","background-size":"auto","background-attachment":"scroll","background-type":"","background-media":"","overlay-type":"","overlay-color":"","overlay-opacity":"","overlay-gradient":""}},"footnotes":""},"class_list":["post-1903","page","type-page","status-publish","hentry"],"_links":{"self":[{"href":"https:\/\/verdomo.es\/es\/wp-json\/wp\/v2\/pages\/1903","targetHints":{"allow":["GET"]}}],"collection":[{"href":"https:\/\/verdomo.es\/es\/wp-json\/wp\/v2\/pages"}],"about":[{"href":"https:\/\/verdomo.es\/es\/wp-json\/wp\/v2\/types\/page"}],"author":[{"embeddable":true,"href":"https:\/\/verdomo.es\/es\/wp-json\/wp\/v2\/users\/1"}],"replies":[{"embeddable":true,"href":"https:\/\/verdomo.es\/es\/wp-json\/wp\/v2\/comments?post=1903"}],"version-history":[{"count":28,"href":"https:\/\/verdomo.es\/es\/wp-json\/wp\/v2\/pages\/1903\/revisions"}],"predecessor-version":[{"id":1954,"href":"https:\/\/verdomo.es\/es\/wp-json\/wp\/v2\/pages\/1903\/revisions\/1954"}],"wp:attachment":[{"href":"https:\/\/verdomo.es\/es\/wp-json\/wp\/v2\/media?parent=1903"}],"curies":[{"name":"wp","href":"https:\/\/api.w.org\/{rel}","templated":true}]}}